{"id":26391,"date":"2022-12-12T11:18:48","date_gmt":"2022-12-12T11:18:48","guid":{"rendered":"https:\/\/benytrade.si\/?page_id=26391"},"modified":"2023-04-21T10:29:53","modified_gmt":"2023-04-21T10:29:53","slug":"prijava-na-novice","status":"publish","type":"page","link":"https:\/\/benytrade.si\/en\/prijava-na-novice\/","title":{"rendered":"Prijava na novice"},"content":{"rendered":"<p>[et_pb_section fb_built=&#8221;1&#8243; admin_label=&#8221;Hero&#8221; _builder_version=&#8221;4.19.2&#8243; use_background_color_gradient=&#8221;on&#8221; background_color_gradient_type=&#8221;circular&#8221; background_color_gradient_direction_radial=&#8221;top left&#8221; background_color_gradient_stops=&#8221;rgba(40,40,40,0.79) 0%|rgba(40,40,40,0.86) 100%&#8221; background_color_gradient_overlays_image=&#8221;on&#8221; background_color_gradient_start=&#8221;rgba(40,40,40,0.79)&#8221; background_color_gradient_end=&#8221;rgba(40,40,40,0.86)&#8221; background_image=&#8221;https:\/\/benytrade.si\/wp-content\/uploads\/2022\/12\/Mailing-list-subscribe.jpg&#8221; custom_padding=&#8221;10vw||10vw||false|false&#8221; global_colors_info=&#8221;{}&#8221;][et_pb_row column_structure=&#8221;2_3,1_3&#8243; background_color_gradient_type_1=&#8221;radial&#8221; _builder_version=&#8221;4.19.2&#8243; width=&#8221;100%&#8221; max_width=&#8221;100%&#8221; use_custom_width=&#8221;on&#8221; width_unit=&#8221;off&#8221; custom_width_percent=&#8221;100%&#8221; global_colors_info=&#8221;{}&#8221;][et_pb_column type=&#8221;2_3&#8243; _builder_version=&#8221;4.19.2&#8243; background_color_gradient_start=&#8221;rgba(40,40,40,0.79)&#8221; background_color_gradient_end=&#8221;rgba(40,40,40,0.86)&#8221; custom_padding=&#8221;|6vw|10vw|6vw|false|false&#8221; custom_padding_tablet=&#8221;10vw|10%|10vw|10%|true|true&#8221; custom_padding_phone=&#8221;10vw|10%|10vw|10%|true|true&#8221; custom_padding_last_edited=&#8221;on|desktop&#8221; global_colors_info=&#8221;{}&#8221; padding_tablet=&#8221;10vw|10%|10vw|10%|true|true&#8221; padding_last_edited=&#8221;on|desktop&#8221; custom_padding__hover=&#8221;|||&#8221; padding_phone=&#8221;10vw|10%|10vw|10%|true|true&#8221;][et_pb_signup first_name_field=&#8221;off&#8221; last_name_field=&#8221;off&#8221; success_message=&#8221;Hvala! Prijavljeni ste na na\u0161e novi\u010dke in pri\u010dakujte nas kmalu v svojem nabiralniku.&#8221; title=&#8221;Prijavite se na obvestila&#8221; button_text=&#8221;Naro\u010dam se&#8221; description=&#8221;<\/p>\n<p>S klikom na gumb se strinjate in prijavljate na novice podjetja Benytrade d.o.o.<\/p>\n<p>Novice bomo po\u0161iljali do 2x mese\u010dno.<\/p>\n<p>&#8221; footer_content=&#8221;<\/p>\n<p><span style=%22color: #ffffff;%22><a href=%22https:\/\/benytrade.si\/privacy-policy\/%22 style=%22color: #ffffff;%22>Politika zasebnosti<\/a><\/span><\/p>\n<p>&#8221; _builder_version=&#8221;4.20.4&#8243; _module_preset=&#8221;default&#8221; custom_margin_tablet=&#8221;&#8221; custom_margin_phone=&#8221;&#8221; custom_margin_last_edited=&#8221;on|desktop&#8221; custom_padding=&#8221;36px|50px|30px|50px|false|false&#8221; hover_enabled=&#8221;0&#8243; global_colors_info=&#8221;{}&#8221; provider=&#8221;mailerlite&#8221; mailerlite_list=&#8221;Benytrade MailerLite|83430374250644933&#8243; sticky_enabled=&#8221;0&#8243;][\/et_pb_signup][\/et_pb_column][et_pb_column type=&#8221;1_3&#8243; _builder_version=&#8221;4.19.2&#8243; background_color=&#8221;RGBA(255,255,255,0)&#8221; custom_padding=&#8221;0px|40px|0px|40px|true|false&#8221; custom_padding_tablet=&#8221;0px|10%||10%|false|true&#8221; custom_padding_phone=&#8221;0px|10%||10%|false|true&#8221; custom_padding_last_edited=&#8221;on|phone&#8221; global_colors_info=&#8221;{%22gcid-b23f99e8-af82-47bc-93e5-1d764c3668d6%22:%91%22background_color%22%93}&#8221; padding_tablet=&#8221;|10%||10%||true&#8221; padding_last_edited=&#8221;on|desktop&#8221; custom_padding__hover=&#8221;|||&#8221; padding_phone=&#8221;|10%||10%||true&#8221;][et_pb_text _builder_version=&#8221;4.20.0&#8243; text_text_color=&#8221;#FFFFFF&#8221; header_font=&#8221;||||||||&#8221; header_text_color=&#8221;#FFFFFF&#8221; header_2_font=&#8221;Rubik|700|||||||&#8221; header_2_font_size=&#8221;32px&#8221; header_2_line_height=&#8221;1.2em&#8221; custom_margin=&#8221;|||&#8221; custom_padding=&#8221;|||&#8221; header_2_font_size_last_edited=&#8221;off|desktop&#8221; global_colors_info=&#8221;{}&#8221;]<\/p>\n<h2><span style=\"color: #ffffff;\">V svoj nabiralnik dobite<\/span><\/h2>\n<p>[\/et_pb_text][et_pb_blurb title=&#8221;Akcije&#8221; use_icon=&#8221;on&#8221; font_icon=&#8221;&#xf295;||fa||900&#8243; icon_color=&#8221;#9ABC32&#8243; icon_placement=&#8221;left&#8221; image_icon_width=&#8221;57px&#8221; content_max_width=&#8221;1100px&#8221; content_max_width_tablet=&#8221;1100px&#8221; content_max_width_last_edited=&#8221;off|desktop&#8221; _builder_version=&#8221;4.19.2&#8243; header_font=&#8221;Rubik|700|||||||&#8221; header_text_color=&#8221;#FFFFFF&#8221; header_font_size=&#8221;17px&#8221; header_line_height=&#8221;1.4em&#8221; body_font=&#8221;||||||||&#8221; body_font_size=&#8221;15px&#8221; image_icon_custom_padding=&#8221;0px||||false|false&#8221; background_layout=&#8221;dark&#8221; custom_margin=&#8221;|||&#8221; custom_padding=&#8221;|||&#8221; animation_style=&#8221;slide&#8221; animation_direction=&#8221;right&#8221; animation_intensity_slide=&#8221;10%&#8221; animation=&#8221;off&#8221; icon_font_size=&#8221;56px&#8221; global_colors_info=&#8221;{}&#8221;]<\/p>\n<p>Vsak mesec imamo popuste na nekatere izdelke<\/p>\n<p>[\/et_pb_blurb][et_pb_blurb title=&#8221;Recepte&#8221; use_icon=&#8221;on&#8221; font_icon=&#8221;&#xf518;||fa||900&#8243; icon_color=&#8221;#9ABC32&#8243; icon_placement=&#8221;left&#8221; image_icon_width=&#8221;56px&#8221; content_max_width=&#8221;1100px&#8221; content_max_width_tablet=&#8221;1100px&#8221; content_max_width_last_edited=&#8221;off|desktop&#8221; _builder_version=&#8221;4.19.2&#8243; header_font=&#8221;Rubik|700|||||||&#8221; header_text_color=&#8221;#FFFFFF&#8221; header_line_height=&#8221;1.4em&#8221; body_font=&#8221;||||||||&#8221; body_font_size=&#8221;15px&#8221; background_layout=&#8221;dark&#8221; custom_margin=&#8221;|||&#8221; custom_padding=&#8221;|||&#8221; animation_style=&#8221;slide&#8221; animation_direction=&#8221;right&#8221; animation_intensity_slide=&#8221;10%&#8221; animation=&#8221;off&#8221; icon_font_size=&#8221;56px&#8221; global_colors_info=&#8221;{}&#8221;]<\/p>\n<p>Novi in slastni recepti v na\u0161i kolekciji<\/p>\n<p>[\/et_pb_blurb][et_pb_blurb title=&#8221;Novosti&#8221; use_icon=&#8221;on&#8221; font_icon=&#8221;&#xf067;||fa||900&#8243; icon_color=&#8221;#9ABC32&#8243; icon_placement=&#8221;left&#8221; image_icon_width=&#8221;56px&#8221; content_max_width=&#8221;1100px&#8221; content_max_width_tablet=&#8221;1100px&#8221; content_max_width_last_edited=&#8221;off|desktop&#8221; _builder_version=&#8221;4.19.2&#8243; header_font=&#8221;Rubik|700|||||||&#8221; header_text_color=&#8221;#FFFFFF&#8221; header_line_height=&#8221;1.4em&#8221; body_font=&#8221;||||||||&#8221; body_font_size=&#8221;15px&#8221; background_layout=&#8221;dark&#8221; custom_margin=&#8221;|||&#8221; custom_padding=&#8221;|||&#8221; animation_style=&#8221;slide&#8221; animation_direction=&#8221;right&#8221; animation_intensity_slide=&#8221;10%&#8221; animation=&#8221;off&#8221; icon_font_size=&#8221;56px&#8221; global_colors_info=&#8221;{}&#8221;]<\/p>\n<p>Novi izdelki na policah<\/p>\n<p>[\/et_pb_blurb][\/et_pb_column][\/et_pb_row][\/et_pb_section]<\/p>\n","protected":false},"excerpt":{"rendered":"<p>V svoj nabiralnik dobiteVsak mesec imamo popuste na nekatere izdelkeNovi in slastni recepti v na\u0161i kolekcijiNovi izdelki na policah<\/p>","protected":false},"author":1,"featured_media":0,"parent":0,"menu_order":0,"comment_status":"closed","ping_status":"closed","template":"","meta":{"_acf_changed":false,"_et_pb_use_builder":"on","_et_pb_old_content":"","_et_gb_content_width":"","footnotes":""},"class_list":["post-26391","page","type-page","status-publish","hentry"],"acf":[],"yoast_head":"<!-- This site is optimized with the Yoast SEO plugin v27.3 - https:\/\/yoast.com\/product\/yoast-seo-wordpress\/ -->\n<title>Prijava na novice - Benytrade d.o.o.<\/title>\n<meta name=\"robots\" content=\"index, follow, max-snippet:-1, max-image-preview:large, max-video-preview:-1\" \/>\n<link rel=\"canonical\" href=\"https:\/\/benytrade.si\/en\/prijava-na-novice\/\" \/>\n<meta property=\"og:locale\" content=\"en_GB\" \/>\n<meta property=\"og:type\" content=\"article\" \/>\n<meta property=\"og:title\" content=\"Prijava na novice - Benytrade d.o.o.\" \/>\n<meta property=\"og:description\" content=\"V svoj nabiralnik dobiteVsak mesec imamo popuste na nekatere izdelkeNovi in slastni recepti v na\u0161i kolekcijiNovi izdelki na policah\" \/>\n<meta property=\"og:url\" content=\"https:\/\/benytrade.si\/en\/prijava-na-novice\/\" \/>\n<meta property=\"og:site_name\" content=\"Benytrade d.o.o.\" \/>\n<meta property=\"article:publisher\" content=\"https:\/\/www.facebook.com\/Benytrade\" \/>\n<meta property=\"article:modified_time\" content=\"2023-04-21T10:29:53+00:00\" \/>\n<meta name=\"twitter:card\" content=\"summary_large_image\" \/>\n<meta name=\"twitter:label1\" content=\"Estimated reading time\" \/>\n\t<meta name=\"twitter:data1\" content=\"4 minutes\" \/>\n<script type=\"application\/ld+json\" class=\"yoast-schema-graph\">{\"@context\":\"https:\\\/\\\/schema.org\",\"@graph\":[{\"@type\":\"WebPage\",\"@id\":\"https:\\\/\\\/benytrade.si\\\/prijava-na-novice\\\/\",\"url\":\"https:\\\/\\\/benytrade.si\\\/prijava-na-novice\\\/\",\"name\":\"Prijava na novice - Benytrade d.o.o.\",\"isPartOf\":{\"@id\":\"https:\\\/\\\/benytrade.si\\\/#website\"},\"datePublished\":\"2022-12-12T11:18:48+00:00\",\"dateModified\":\"2023-04-21T10:29:53+00:00\",\"breadcrumb\":{\"@id\":\"https:\\\/\\\/benytrade.si\\\/prijava-na-novice\\\/#breadcrumb\"},\"inLanguage\":\"en-GB\",\"potentialAction\":[{\"@type\":\"ReadAction\",\"target\":[\"https:\\\/\\\/benytrade.si\\\/prijava-na-novice\\\/\"]}]},{\"@type\":\"BreadcrumbList\",\"@id\":\"https:\\\/\\\/benytrade.si\\\/prijava-na-novice\\\/#breadcrumb\",\"itemListElement\":[{\"@type\":\"ListItem\",\"position\":1,\"name\":\"Home\",\"item\":\"https:\\\/\\\/benytrade.si\\\/\"},{\"@type\":\"ListItem\",\"position\":2,\"name\":\"Prijava na novice\"}]},{\"@type\":\"WebSite\",\"@id\":\"https:\\\/\\\/benytrade.si\\\/#website\",\"url\":\"https:\\\/\\\/benytrade.si\\\/\",\"name\":\"Benytrade d.o.o.\",\"description\":\"zastopstvo, distribucija \u017eivil\",\"publisher\":{\"@id\":\"https:\\\/\\\/benytrade.si\\\/#organization\"},\"potentialAction\":[{\"@type\":\"SearchAction\",\"target\":{\"@type\":\"EntryPoint\",\"urlTemplate\":\"https:\\\/\\\/benytrade.si\\\/?s={search_term_string}\"},\"query-input\":{\"@type\":\"PropertyValueSpecification\",\"valueRequired\":true,\"valueName\":\"search_term_string\"}}],\"inLanguage\":\"en-GB\"},{\"@type\":\"Organization\",\"@id\":\"https:\\\/\\\/benytrade.si\\\/#organization\",\"name\":\"Benytrade d.o.o.\",\"url\":\"https:\\\/\\\/benytrade.si\\\/\",\"logo\":{\"@type\":\"ImageObject\",\"inLanguage\":\"en-GB\",\"@id\":\"https:\\\/\\\/benytrade.si\\\/#\\\/schema\\\/logo\\\/image\\\/\",\"url\":\"https:\\\/\\\/benytrade.si\\\/wp-content\\\/uploads\\\/2022\\\/12\\\/Benytrade-logo-512.png\",\"contentUrl\":\"https:\\\/\\\/benytrade.si\\\/wp-content\\\/uploads\\\/2022\\\/12\\\/Benytrade-logo-512.png\",\"width\":512,\"height\":512,\"caption\":\"Benytrade d.o.o.\"},\"image\":{\"@id\":\"https:\\\/\\\/benytrade.si\\\/#\\\/schema\\\/logo\\\/image\\\/\"},\"sameAs\":[\"https:\\\/\\\/www.facebook.com\\\/Benytrade\",\"https:\\\/\\\/www.linkedin.com\\\/company\\\/83556317\",\"https:\\\/\\\/www.youtube.com\\\/@benykuha\"]}]}<\/script>\n<!-- \/ Yoast SEO plugin. -->","yoast_head_json":{"title":"Prijava na novice - Benytrade d.o.o.","robots":{"index":"index","follow":"follow","max-snippet":"max-snippet:-1","max-image-preview":"max-image-preview:large","max-video-preview":"max-video-preview:-1"},"canonical":"https:\/\/benytrade.si\/en\/prijava-na-novice\/","og_locale":"en_GB","og_type":"article","og_title":"Prijava na novice - Benytrade d.o.o.","og_description":"V svoj nabiralnik dobiteVsak mesec imamo popuste na nekatere izdelkeNovi in slastni recepti v na\u0161i kolekcijiNovi izdelki na policah","og_url":"https:\/\/benytrade.si\/en\/prijava-na-novice\/","og_site_name":"Benytrade d.o.o.","article_publisher":"https:\/\/www.facebook.com\/Benytrade","article_modified_time":"2023-04-21T10:29:53+00:00","twitter_card":"summary_large_image","twitter_misc":{"Estimated reading time":"4 minutes"},"schema":{"@context":"https:\/\/schema.org","@graph":[{"@type":"WebPage","@id":"https:\/\/benytrade.si\/prijava-na-novice\/","url":"https:\/\/benytrade.si\/prijava-na-novice\/","name":"Prijava na novice - Benytrade d.o.o.","isPartOf":{"@id":"https:\/\/benytrade.si\/#website"},"datePublished":"2022-12-12T11:18:48+00:00","dateModified":"2023-04-21T10:29:53+00:00","breadcrumb":{"@id":"https:\/\/benytrade.si\/prijava-na-novice\/#breadcrumb"},"inLanguage":"en-GB","potentialAction":[{"@type":"ReadAction","target":["https:\/\/benytrade.si\/prijava-na-novice\/"]}]},{"@type":"BreadcrumbList","@id":"https:\/\/benytrade.si\/prijava-na-novice\/#breadcrumb","itemListElement":[{"@type":"ListItem","position":1,"name":"Home","item":"https:\/\/benytrade.si\/"},{"@type":"ListItem","position":2,"name":"Prijava na novice"}]},{"@type":"WebSite","@id":"https:\/\/benytrade.si\/#website","url":"https:\/\/benytrade.si\/","name":"Benytrade d.o.o.","description":"zastopstvo, distribucija \u017eivil","publisher":{"@id":"https:\/\/benytrade.si\/#organization"},"potentialAction":[{"@type":"SearchAction","target":{"@type":"EntryPoint","urlTemplate":"https:\/\/benytrade.si\/?s={search_term_string}"},"query-input":{"@type":"PropertyValueSpecification","valueRequired":true,"valueName":"search_term_string"}}],"inLanguage":"en-GB"},{"@type":"Organization","@id":"https:\/\/benytrade.si\/#organization","name":"Benytrade d.o.o.","url":"https:\/\/benytrade.si\/","logo":{"@type":"ImageObject","inLanguage":"en-GB","@id":"https:\/\/benytrade.si\/#\/schema\/logo\/image\/","url":"https:\/\/benytrade.si\/wp-content\/uploads\/2022\/12\/Benytrade-logo-512.png","contentUrl":"https:\/\/benytrade.si\/wp-content\/uploads\/2022\/12\/Benytrade-logo-512.png","width":512,"height":512,"caption":"Benytrade d.o.o."},"image":{"@id":"https:\/\/benytrade.si\/#\/schema\/logo\/image\/"},"sameAs":["https:\/\/www.facebook.com\/Benytrade","https:\/\/www.linkedin.com\/company\/83556317","https:\/\/www.youtube.com\/@benykuha"]}]}},"_links":{"self":[{"href":"https:\/\/benytrade.si\/en\/wp-json\/wp\/v2\/pages\/26391","targetHints":{"allow":["GET"]}}],"collection":[{"href":"https:\/\/benytrade.si\/en\/wp-json\/wp\/v2\/pages"}],"about":[{"href":"https:\/\/benytrade.si\/en\/wp-json\/wp\/v2\/types\/page"}],"author":[{"embeddable":true,"href":"https:\/\/benytrade.si\/en\/wp-json\/wp\/v2\/users\/1"}],"replies":[{"embeddable":true,"href":"https:\/\/benytrade.si\/en\/wp-json\/wp\/v2\/comments?post=26391"}],"version-history":[{"count":10,"href":"https:\/\/benytrade.si\/en\/wp-json\/wp\/v2\/pages\/26391\/revisions"}],"predecessor-version":[{"id":27109,"href":"https:\/\/benytrade.si\/en\/wp-json\/wp\/v2\/pages\/26391\/revisions\/27109"}],"wp:attachment":[{"href":"https:\/\/benytrade.si\/en\/wp-json\/wp\/v2\/media?parent=26391"}],"curies":[{"name":"wp","href":"https:\/\/api.w.org\/{rel}","templated":true}]}}